{"id":2517,"date":"2022-01-14T22:55:08","date_gmt":"2022-01-14T21:55:08","guid":{"rendered":"https:\/\/www.chataufera.sk\/for-guests\/"},"modified":"2022-01-14T22:55:55","modified_gmt":"2022-01-14T21:55:55","slug":"for-guests","status":"publish","type":"page","link":"https:\/\/www.chataufera.sk\/en\/for-guests\/","title":{"rendered":"For guests"},"content":{"rendered":"<div class=\"wpb-content-wrapper\"><p>[vc_row][vc_column width=&#8221;1\/2&#8243;][vc_column_text]<\/p>\n<h2>Something about us<\/h2>\n<p>We are a small family business specializing in a year-round provision of accommodation services in the mountains and a seasonal provision of fast-food services which in our well-known ski &#8211; tourist resort Snowparadise Ve\u013ek\u00e1 Ra\u010da O\u0161\u010dadnica has a tradition of almost 20 years. We try to put ourselves into everything we do and we consider our guests as friends to whom we want to provide a family atmosphere, home feeling and services ensuring pleasant feeling in our cottage so our guests take away beautiful memories, experiences and gain a new strength in a beautiful environment of Kysuck\u00e9 Beskydy mountains. Cheers!<\/p>\n<p>[\/vc_column_text][vc_column_text]<\/p>\n<h2>Important information<\/h2>\n<ul>\n<li>Check-in: 15:00-18:30<\/li>\n<li>Check-out: to 10:00<\/li>\n<li>One-time cleaning fee 50 \u20ac.<\/li>\n<li>Refundable deposit in case of damage or heavy pollution 150 \u20ac.<\/li>\n<li>City tourist tax 1 \u20ac \/ night \/ person<\/li>\n<li>A deposit fee of 50% of the stay is payable upon binding reservation.<\/li>\n<li>Free cancellation is 13 days before arrival.<\/li>\n<li>With a binding order without the possibility of free cancellation, the stay is 10% of the price of the stay (the price of the stay does not include cleaning fee, refundable deposit and city tax).<\/li>\n<li>Bed linen and towels are included in the price.<\/li>\n<li>A baby cot is available upon prior check-in.<\/li>\n<li>Pets are not allowed in the cottage.<\/li>\n<li>There is a strict smoking ban in the whole cottage!<\/li>\n<\/ul>\n<p><i class=\"far fa-file-pdf\"> <\/i><a href=\"https:\/\/www.chataufera.sk\/wp-content\/uploads\/2021\/12\/Informacie-pre-hosti-Bufet-Marguska-u-Fera-s.r.o..pdf\" target=\"_blank\" rel=\"noopener\"> Information for guests<\/a>[\/vc_column_text][vc_column_text]<\/p>\n<h2>Where to go on a trip?<\/h2>\n<p>The village O\u0161\u010dadnica is one of the most important tourist centers in Slovakia. One can choose from a large number of tourist and sports activities. Take a hike to the top of mount Ve\u013ek\u00e1 Ra\u010da. Discover a beauty of the forgotten shepherd\u00b4s settlement in solitude \u2013 called Valangy. Try an adrenaline-fueled bike ride on one of the five marked tracks in the Bike Park or ride on a 14-ton armored military transporter. You will also have fun playing golf at Adventure golf area. You can enjoy skiing to the full in the Snow Park Ve\u013ek\u00e1 Ra\u010da Os\u010dadnica ski resort and cross-country ski runs are available for cross-country skiing fans.[\/vc_column_text][\/vc_column][vc_column width=&#8221;1\/2&#8243;][vc_single_image image=&#8221;2387&#8243; img_size=&#8221;large&#8221; alignment=&#8221;center&#8221;][\/vc_column][\/vc_row]<\/p>\n<\/div>","protected":false},"excerpt":{"rendered":"<p>[vc_row][vc_column width=&#8221;1\/2&#8243;][vc_column_text] Something about us We are a small family business specializing in a year-round provision of accommodation services in the mountains and a seasonal provision of fast-food services which in our well-known ski &#8211; tourist resort Snowparadise Ve\u013ek\u00e1 Ra\u010da O\u0161\u010dadnica has a tradition of almost 20 years. We try to put ourselves into everything&hellip;<\/p>\n","protected":false},"author":1,"featured_media":0,"parent":0,"menu_order":0,"comment_status":"closed","ping_status":"closed","template":"","meta":{"footnotes":""},"class_list":["post-2517","page","type-page","status-publish","hentry","description-off"],"yoast_head":"<!-- This site is optimized with the Yoast SEO plugin v24.1 - https:\/\/yoast.com\/wordpress\/plugins\/seo\/ -->\n<title>For guests - Ubytovanie - Chata u Fera - Margu\u0161ka<\/title>\n<meta name=\"robots\" content=\"index, follow, max-snippet:-1, max-image-preview:large, max-video-preview:-1\" \/>\n<link rel=\"canonical\" href=\"https:\/\/www.chataufera.sk\/en\/for-guests\/\" \/>\n<meta property=\"og:locale\" content=\"en_US\" \/>\n<meta property=\"og:type\" content=\"article\" \/>\n<meta property=\"og:title\" content=\"For guests - Ubytovanie - Chata u Fera - Margu\u0161ka\" \/>\n<meta property=\"og:description\" content=\"[vc_row][vc_column width=&#8221;1\/2&#8243;][vc_column_text] Something about us We are a small family business specializing in a year-round provision of accommodation services in the mountains and a seasonal provision of fast-food services which in our well-known ski &#8211; tourist resort Snowparadise Ve\u013ek\u00e1 Ra\u010da O\u0161\u010dadnica has a tradition of almost 20 years. We try to put ourselves into everything&hellip;\" \/>\n<meta property=\"og:url\" content=\"https:\/\/www.chataufera.sk\/en\/for-guests\/\" \/>\n<meta property=\"og:site_name\" content=\"Ubytovanie - Chata u Fera - Margu\u0161ka\" \/>\n<meta property=\"article:modified_time\" content=\"2022-01-14T21:55:55+00:00\" \/>\n<meta name=\"twitter:card\" content=\"summary_large_image\" \/>\n<meta name=\"twitter:label1\" content=\"Est. reading time\" \/>\n\t<meta name=\"twitter:data1\" content=\"2 minutes\" \/>\n<script type=\"application\/ld+json\" class=\"yoast-schema-graph\">{\"@context\":\"https:\/\/schema.org\",\"@graph\":[{\"@type\":\"WebPage\",\"@id\":\"https:\/\/www.chataufera.sk\/en\/for-guests\/\",\"url\":\"https:\/\/www.chataufera.sk\/en\/for-guests\/\",\"name\":\"For guests - Ubytovanie - Chata u Fera - Margu\u0161ka\",\"isPartOf\":{\"@id\":\"https:\/\/www.chataufera.sk\/#website\"},\"datePublished\":\"2022-01-14T21:55:08+00:00\",\"dateModified\":\"2022-01-14T21:55:55+00:00\",\"breadcrumb\":{\"@id\":\"https:\/\/www.chataufera.sk\/en\/for-guests\/#breadcrumb\"},\"inLanguage\":\"en-US\",\"potentialAction\":[{\"@type\":\"ReadAction\",\"target\":[\"https:\/\/www.chataufera.sk\/en\/for-guests\/\"]}]},{\"@type\":\"BreadcrumbList\",\"@id\":\"https:\/\/www.chataufera.sk\/en\/for-guests\/#breadcrumb\",\"itemListElement\":[{\"@type\":\"ListItem\",\"position\":1,\"name\":\"Domovsk\u00e1 str\u00e1nka\",\"item\":\"https:\/\/www.chataufera.sk\/en\/\"},{\"@type\":\"ListItem\",\"position\":2,\"name\":\"For guests\"}]},{\"@type\":\"WebSite\",\"@id\":\"https:\/\/www.chataufera.sk\/#website\",\"url\":\"https:\/\/www.chataufera.sk\/\",\"name\":\"Ubytovanie - Chata u Fera - Margu\u0161ka\",\"description\":\"\",\"potentialAction\":[{\"@type\":\"SearchAction\",\"target\":{\"@type\":\"EntryPoint\",\"urlTemplate\":\"https:\/\/www.chataufera.sk\/?s={search_term_string}\"},\"query-input\":{\"@type\":\"PropertyValueSpecification\",\"valueRequired\":true,\"valueName\":\"search_term_string\"}}],\"inLanguage\":\"en-US\"}]}<\/script>\n<!-- \/ Yoast SEO plugin. -->","yoast_head_json":{"title":"For guests - Ubytovanie - Chata u Fera - Margu\u0161ka","robots":{"index":"index","follow":"follow","max-snippet":"max-snippet:-1","max-image-preview":"max-image-preview:large","max-video-preview":"max-video-preview:-1"},"canonical":"https:\/\/www.chataufera.sk\/en\/for-guests\/","og_locale":"en_US","og_type":"article","og_title":"For guests - Ubytovanie - Chata u Fera - Margu\u0161ka","og_description":"[vc_row][vc_column width=&#8221;1\/2&#8243;][vc_column_text] Something about us We are a small family business specializing in a year-round provision of accommodation services in the mountains and a seasonal provision of fast-food services which in our well-known ski &#8211; tourist resort Snowparadise Ve\u013ek\u00e1 Ra\u010da O\u0161\u010dadnica has a tradition of almost 20 years. We try to put ourselves into everything&hellip;","og_url":"https:\/\/www.chataufera.sk\/en\/for-guests\/","og_site_name":"Ubytovanie - Chata u Fera - Margu\u0161ka","article_modified_time":"2022-01-14T21:55:55+00:00","twitter_card":"summary_large_image","twitter_misc":{"Est. reading time":"2 minutes"},"schema":{"@context":"https:\/\/schema.org","@graph":[{"@type":"WebPage","@id":"https:\/\/www.chataufera.sk\/en\/for-guests\/","url":"https:\/\/www.chataufera.sk\/en\/for-guests\/","name":"For guests - Ubytovanie - Chata u Fera - Margu\u0161ka","isPartOf":{"@id":"https:\/\/www.chataufera.sk\/#website"},"datePublished":"2022-01-14T21:55:08+00:00","dateModified":"2022-01-14T21:55:55+00:00","breadcrumb":{"@id":"https:\/\/www.chataufera.sk\/en\/for-guests\/#breadcrumb"},"inLanguage":"en-US","potentialAction":[{"@type":"ReadAction","target":["https:\/\/www.chataufera.sk\/en\/for-guests\/"]}]},{"@type":"BreadcrumbList","@id":"https:\/\/www.chataufera.sk\/en\/for-guests\/#breadcrumb","itemListElement":[{"@type":"ListItem","position":1,"name":"Domovsk\u00e1 str\u00e1nka","item":"https:\/\/www.chataufera.sk\/en\/"},{"@type":"ListItem","position":2,"name":"For guests"}]},{"@type":"WebSite","@id":"https:\/\/www.chataufera.sk\/#website","url":"https:\/\/www.chataufera.sk\/","name":"Ubytovanie - Chata u Fera - Margu\u0161ka","description":"","potentialAction":[{"@type":"SearchAction","target":{"@type":"EntryPoint","urlTemplate":"https:\/\/www.chataufera.sk\/?s={search_term_string}"},"query-input":{"@type":"PropertyValueSpecification","valueRequired":true,"valueName":"search_term_string"}}],"inLanguage":"en-US"}]}},"_links":{"self":[{"href":"https:\/\/www.chataufera.sk\/en\/wp-json\/wp\/v2\/pages\/2517","targetHints":{"allow":["GET"]}}],"collection":[{"href":"https:\/\/www.chataufera.sk\/en\/wp-json\/wp\/v2\/pages"}],"about":[{"href":"https:\/\/www.chataufera.sk\/en\/wp-json\/wp\/v2\/types\/page"}],"author":[{"embeddable":true,"href":"https:\/\/www.chataufera.sk\/en\/wp-json\/wp\/v2\/users\/1"}],"replies":[{"embeddable":true,"href":"https:\/\/www.chataufera.sk\/en\/wp-json\/wp\/v2\/comments?post=2517"}],"version-history":[{"count":5,"href":"https:\/\/www.chataufera.sk\/en\/wp-json\/wp\/v2\/pages\/2517\/revisions"}],"predecessor-version":[{"id":2522,"href":"https:\/\/www.chataufera.sk\/en\/wp-json\/wp\/v2\/pages\/2517\/revisions\/2522"}],"wp:attachment":[{"href":"https:\/\/www.chataufera.sk\/en\/wp-json\/wp\/v2\/media?parent=2517"}],"curies":[{"name":"wp","href":"https:\/\/api.w.org\/{rel}","templated":true}]}}